{"id":23,"date":"2022-11-05T15:41:53","date_gmt":"2022-11-05T15:41:53","guid":{"rendered":"https:\/\/velosanic.com\/?page_id=23"},"modified":"2026-04-16T16:41:30","modified_gmt":"2026-04-16T16:41:30","slug":"documentos-tributarios","status":"publish","type":"page","link":"https:\/\/velosanic.com\/?page_id=23","title":{"rendered":"Documentos Tributarios"},"content":{"rendered":"<ul>\n<li><a href=\"https:\/\/velosanic.com\/wp-content\/uploads\/2025\/09\/RUC-VELOSA-02.05.2026-1.pdf\">C\u00e9dula RUC<\/a><\/li>\n<li><a href=\"https:\/\/velosanic.com\/wp-content\/uploads\/2023\/01\/055-AVISO-REVALIDACION-DE-CEDULAS-RUC-161017.pdf\">Aviso DGI 055 Renovaci\u00f3n de C\u00e9dulas RUC.<\/a><\/li>\n<li><a href=\"https:\/\/velosanic.com\/wp-content\/uploads\/2023\/04\/Certificado-de-inscripcion-en-el-registro-unico-del-contribuyente-Velosa.pdf\">Certificado de Inscripcion en Registro Unico del Contribuyente<\/a><\/li>\n<li><a href=\"https:\/\/velosanic.com\/wp-content\/uploads\/2025\/05\/VELOSA-CERTIFICADO-PROVEEDORES.08.05.26.pdf\">Certificado de Registro de Proveedores del estado 08.05.26 <\/a><\/li>\n<li><a href=\"https:\/\/velosanic.com\/wp-content\/uploads\/2026\/04\/VELOSA-CERTIFICACION-PROVEEDORES-ESTADO-2026-V.090427.pdf\">Certificado de Verifiaci\u00f3n de Proveedores del Estado 09-04-2027<\/a><\/li>\n<li><a href=\"https:\/\/velosanic.com\/wp-content\/uploads\/2024\/07\/CERTIFICADO-PROVEEDORES-MUNICIPAL.pdf\">Certificado de Registro Municipal de Proveedores 27-06-2025<\/a><\/li>\n<li><a href=\"https:\/\/velosanic.com\/wp-content\/uploads\/2025\/12\/VL-Constancia-de-Responsable-Directo-121225-120626-1.pdf\">Constancia de Responsable Directo al 12-06-2026<\/a><\/li>\n<li><a href=\"https:\/\/velosanic.com\/wp-content\/uploads\/2026\/03\/VL-Matricula-2026.pdf\">Matricula Alcaldia de Managua 2026<\/a><\/li>\n<li><a href=\"https:\/\/velosanic.com\/wp-content\/uploads\/2026\/04\/04-VL-Constancia-de-No-Retencion-IMI-160426-150526.pdf\">Constancia de No Retenci\u00f3n IMI Managua 15.05.2026<\/a><\/li>\n<li><a href=\"https:\/\/velosanic.com\/wp-content\/uploads\/2026\/01\/VL-Constancia-de-No-Retencion-IMI-Alcaldia-de-Matagalpa.pdf\">Constancia de No Retenci\u00f3n IMI Alcald\u00eda de Matagalpa al 31-12-2026.<\/a><\/li>\n<li><a href=\"https:\/\/velosanic.com\/wp-content\/uploads\/2025\/11\/Velosa-Constancia-de-no-retencion-IMI-juigalpa-al-24-10-26.pdf\">Constancia de No Retenci\u00f3n IMI Alcald\u00eda de JUIGALPA al 07-11-2026<\/a><\/li>\n<li><a href=\"https:\/\/velosanic.com\/wp-content\/uploads\/2025\/09\/Velosa-Solvencia-Municipal-Alcaldia-de-Juigalpa-Sep-19-Oct-19-2025.pdf\">Solvencia Municipal Alcadia de JUIGALPA al 19.10.25<\/a><\/li>\n<li><a href=\"https:\/\/velosanic.com\/wp-content\/uploads\/2025\/11\/Velosa-Solvencia-Municial-Alcaldia-de-Esteli-Nov-Dic.pdf\">Solvencia Municipal Alcaldia de Esteli al 17.12.25<\/a><\/li>\n<li><a href=\"#\">Constancia de No Retenci\u00f3n IMI Alcald\u00eda de LE\u00d3N al 31-12-2021<\/a><\/li>\n<li><a href=\"https:\/\/velosanic.com\/wp-content\/uploads\/2026\/01\/CONSTANCIA-DE-NO-RETENCION-VELOSA-CHINANDEGA-2026.pdf\">Constancia de No Retenci\u00f3n IMI Alcald\u00eda de CHINANDEGA al 31.12.26<\/a><\/li>\n<li><a href=\"https:\/\/velosanic.com\/wp-content\/uploads\/2025\/11\/SOLVENCIA-IMI-VELOSA-AL-06-DICIEMBRE-25.pdf\">Solvencia Municipal Alcaldia de Chinandega al 06.12.2025<\/a><\/li>\n<li><a href=\"https:\/\/velosanic.com\/wp-content\/uploads\/2026\/03\/VL-Solvencia-municipal-Alcaldia-de-Masaya-al-13.04.26.pdf\">Solvencia Municipal Alcaldia de Masaya al 13.04.26<\/a><\/li>\n<li><a href=\"https:\/\/velosanic.com\/wp-content\/uploads\/2026\/04\/Velosa-Solvencia-fiscal-050526.pdf\">Solvencia Fiscal DGI al 05-05-2026<\/a><\/li>\n<li><a href=\"https:\/\/velosanic.com\/wp-content\/uploads\/2026\/04\/04-VL-Solvencia-Municipal-160426-150526.pdf\">Solvencia Municipal ALMA al 15.05.2026<\/a><\/li>\n<li><a href=\"https:\/\/velosanic.com\/wp-content\/uploads\/2022\/11\/VELOSA-Cert.-Registro-como-Sujeto-Obligado-ante-la-UAF-.pdf\">Certificado de inscripci\u00f3n Casa Pellas ante la UAF<\/a><\/li>\n<li><a href=\"https:\/\/velosanic.com\/wp-content\/uploads\/2026\/04\/VELOSA-Constancia_no_retencion-DGI-060526.pdf\">Constancia de No Retenci\u00f3n IR al 05-05-2026<\/a><\/li>\n<\/ul>\n","protected":false},"excerpt":{"rendered":"<p>C\u00e9dula RUC Aviso DGI 055 Renovaci\u00f3n de C\u00e9dulas RUC. Certificado de Inscripcion en Registro Unico del Contribuyente Certificado de Registro de Proveedores del estado 08.05.26 Certificado de Verifiaci\u00f3n de Proveedores del Estado 09-04-2027 Certificado de Registro Municipal de Proveedores 27-06-2025 Constancia de Responsable Directo al 12-06-2026 Matricula Alcaldia de Managua 2026 Constancia de No Retenci\u00f3n [&hellip;]<\/p>\n","protected":false},"author":1,"featured_media":0,"parent":0,"menu_order":0,"comment_status":"closed","ping_status":"closed","template":"","meta":{"inline_featured_image":false,"footnotes":""},"class_list":["post-23","page","type-page","status-publish","hentry"],"_links":{"self":[{"href":"https:\/\/velosanic.com\/index.php?rest_route=\/wp\/v2\/pages\/23","targetHints":{"allow":["GET"]}}],"collection":[{"href":"https:\/\/velosanic.com\/index.php?rest_route=\/wp\/v2\/pages"}],"about":[{"href":"https:\/\/velosanic.com\/index.php?rest_route=\/wp\/v2\/types\/page"}],"author":[{"embeddable":true,"href":"https:\/\/velosanic.com\/index.php?rest_route=\/wp\/v2\/users\/1"}],"replies":[{"embeddable":true,"href":"https:\/\/velosanic.com\/index.php?rest_route=%2Fwp%2Fv2%2Fcomments&post=23"}],"version-history":[{"count":0,"href":"https:\/\/velosanic.com\/index.php?rest_route=\/wp\/v2\/pages\/23\/revisions"}],"wp:attachment":[{"href":"https:\/\/velosanic.com\/index.php?rest_route=%2Fwp%2Fv2%2Fmedia&parent=23"}],"curies":[{"name":"wp","href":"https:\/\/api.w.org\/{rel}","templated":true}]}}